{"id":21171,"date":"2024-08-12T13:00:51","date_gmt":"2024-08-12T13:00:51","guid":{"rendered":"https:\/\/familiafelizsite.flywheelsites.com\/?page_id=21171"},"modified":"2024-08-12T13:48:14","modified_gmt":"2024-08-12T13:48:14","slug":"terminos-de-uso","status":"publish","type":"page","link":"https:\/\/paginaweb-familiafeliz-produccion.azurewebsites.net\/en\/terminos-de-uso\/","title":{"rendered":"T\u00e9rminos de Uso"},"content":{"rendered":"<div data-elementor-type=\"wp-page\" data-elementor-id=\"21171\" class=\"elementor elementor-21171\" data-elementor-settings=\"[]\">\n\t\t\t\t\t\t<div class=\"elementor-inner\">\n\t\t\t\t\t\t\t<div class=\"elementor-section-wrap\">\n\t\t\t\t\t\t\t<section class=\"elementor-section elementor-top-section elementor-element elementor-element-b6a7308 elementor-section-boxed elementor-section-height-default elementor-section-height-default\" data-id=\"b6a7308\" data-element_type=\"section\">\n\t\t\t\t\t\t<div class=\"elementor-container elementor-column-gap-default\">\n\t\t\t\t\t\t\t<div class=\"elementor-row\">\n\t\t\t\t\t<div class=\"elementor-column elementor-col-100 elementor-top-column elementor-element elementor-element-e20df53\" data-id=\"e20df53\" data-element_type=\"column\">\n\t\t\t<div class=\"elementor-column-wrap elementor-element-populated\">\n\t\t\t\t\t\t\t<div class=\"elementor-widget-wrap\">\n\t\t\t\t\t\t<div class=\"elementor-element elementor-element-6f5e1c7 elementor-widget__width-auto bullet elementor-invisible elementor-widget elementor-widget-heading\" data-id=\"6f5e1c7\" data-element_type=\"widget\" data-settings=\"{&quot;_animation&quot;:&quot;fadeInUp&quot;}\" data-widget_type=\"heading.default\">\n\t\t\t\t<div class=\"elementor-widget-container\">\n\t\t\t<span class=\"elementor-heading-title elementor-size-default\">T\u00e9rminos de Uso\n\n<\/span>\t\t<\/div>\n\t\t\t\t<\/div>\n\t\t\t\t\t\t<\/div>\n\t\t\t\t\t<\/div>\n\t\t<\/div>\n\t\t\t\t\t\t\t\t<\/div>\n\t\t\t\t\t<\/div>\n\t\t<\/section>\n\t\t\t\t<section class=\"elementor-section elementor-top-section elementor-element elementor-element-89ac69c elementor-section-boxed elementor-section-height-default elementor-section-height-default\" data-id=\"89ac69c\" data-element_type=\"section\">\n\t\t\t\t\t\t<div class=\"elementor-container elementor-column-gap-default\">\n\t\t\t\t\t\t\t<div class=\"elementor-row\">\n\t\t\t\t\t<div class=\"elementor-column elementor-col-100 elementor-top-column elementor-element elementor-element-c6e355c\" data-id=\"c6e355c\" data-element_type=\"column\">\n\t\t\t<div class=\"elementor-column-wrap elementor-element-populated\">\n\t\t\t\t\t\t\t<div class=\"elementor-widget-wrap\">\n\t\t\t\t\t\t<div class=\"elementor-element elementor-element-346012f elementor-widget elementor-widget-text-editor\" data-id=\"346012f\" data-element_type=\"widget\" data-widget_type=\"text-editor.default\">\n\t\t\t\t<div class=\"elementor-widget-container\">\n\t\t\t\t\t\t\t\t<div class=\"elementor-text-editor elementor-clearfix\">\n\t\t\t\t<h4>T\u00e9rminos de Uso y su Aceptaci\u00f3n<\/h4><p>Los presentes t\u00e9rminos de uso (en lo que sigue, los \u201cT\u00e9rminos de Uso\u201d) regulan los servicios del portal de Internet\u00a0familiafeliz.gob.do\u00a0(en lo que sigue, el \u201cPortal\u201d) del Fideicomiso Fonvivienda (en lo que sigue, el \u201cFONVIVIENDA\u201d), instituci\u00f3n con su domicilio y oficinas principales en la Torre Profesional Biltmore II, Av. Gustavo Mej\u00eda Ricart 81, Santo Domingo de Guzm\u00e1n, Distrito Nacional, Capital de la Rep\u00fablica Dominicana.<\/p><p>El uso del Portal le otorga la condici\u00f3n de usuario del Portal (en lo que sigue, el \u201cUsuario\u201d) e implica la aceptaci\u00f3n plena y sin reservas de todas y cada una de las disposiciones establecidas en los T\u00e9rminos de Uso y las Pol\u00edticas publicadas por FONVIVIENDA al momento en que el Usuario acceda al Portal. Por lo tanto, se hace necesario que el Usuario lea detenidamente estos t\u00e9rminos en cada ocasi\u00f3n en que utilice el Portal, ya que \u00e9ste puede sufrir modificaciones, sin previo aviso. Objeto.- A trav\u00e9s del Portal, FONVIVIENDA facilita a los Usuarios el acceso y el uso de los servicios, informaciones y contenidos (en lo que sigue, los \u201cServicios\u201d) colocados a disposici\u00f3n por FONVIVIENDA o por terceros.<\/p><h4>Condiciones de Accesibilidad y Uso del Portal<\/h4><p>Car\u00e1cter gratuito del acceso y uso del Portal.- La prestaci\u00f3n de los Servicios, de parte dFONVIVIENDA, tiene car\u00e1cter gratuito para el Usuario. Sin perjuicio de lo anterior, algunos de los Servicios suministrados por FONVIVIENDA a trav\u00e9s del Portal podr\u00edan estar sujetos al pago de una tasa la cual estar\u00eda establecida en el mismo. Registro del Usuario.- De manera general, la prestaci\u00f3n de los Servicios no exige la suscripci\u00f3n o registro previo de parte del Usuario.<\/p><h4>Veracidad de la informaci\u00f3n<\/h4><p>Toda informaci\u00f3n facilitada al Usuario mediante los Servicios deber\u00e1 ser veraz. Por esto, el Usuario se compromete a garantizar el car\u00e1cter aut\u00e9ntico de los datos que provea a consecuencia de los requisitos de los formularios necesarios para la suscripci\u00f3n de los Servicios. De igual forma, ser\u00e1 responsabilidad del Usuario mantener toda la informaci\u00f3n facilitada al FONVIVIENDA debidamente actualizada de manera tal que responda, en cada momento, a la situaci\u00f3n real del Usuario. En todo caso el Usuario ser\u00e1 el \u00fanico responsable de las informaciones falsas o inexactas que realice y de los perjuicios que pueda causar al FONVIVIENDA o a terceros por la informaci\u00f3n que suministre.<\/p><h4>Propiedad Intelectual<\/h4><p>Todo el contenido de este Portal, ya sean textos, im\u00e1genes, recopilaciones, marcas, logotipos, combinaciones de colores, o cualquier otro elemento, su estructura y dise\u00f1o, la selecci\u00f3n y forma de presentaci\u00f3n de los materiales incluidos en la misma, y los programas necesarios para su funcionamiento, acceso y uso, est\u00e1n protegidos por derechos de propiedad intelectual, de los cuales es titular FONVIVIENDA o de terceros licenciantes, que el Usuario de este Portal debe respetar.<\/p><p>El Usuario del Portal deber\u00e1 abstenerse de suprimir, alterar, eludir o manipular cualquier dispositivo de protecci\u00f3n o sistema de seguridad que pueda estar instaladoen el mismo.<\/p><h4>Protecci\u00f3n de los datos personales<\/h4><p>Para utilizar algunos de los Servicios, el Usuario debe facilitar previamente al FONVIVIENDA algunos datos de car\u00e1cter personal (en lo que sigue, los \u201cDatos Personales\u201d).<\/p><p>FONVIVIENDA tratar\u00e1 de forma autom\u00e1tica los Datos Personales con la finalidad y las condiciones, definidas en su Pol\u00edtica de Privacidad. FONVIVIENDA no garantiza la ausencia de virus ni de otros elementos en los Servicios prestados por terceros a trav\u00e9s del Portal que puedan causar alteraciones en el sistema inform\u00e1tico del Usuario (software y hardware) o en los documentos electr\u00f3nicos y\/o bases de datos de su sistema inform\u00e1tico.<\/p><p>FONVIVIENDA ha adoptado los niveles de seguridad de protecci\u00f3n que entiende necesarios y procura instalar los medios y medidas t\u00e9cnicas de protecci\u00f3n que se vayan haciendo necesarias. Sin embargo, el Usuario debe estar consciente de que las medidas de seguridad en la Internet no son inviolables.<\/p><p>FONVIVIENDA puede utilizar cookies cuando un Usuario navega por los sitios y p\u00e1ginas Web del Portal. Las cookies que se puedan usar en los sitios y p\u00e1ginas Web del Portal se asocian \u00fanicamente con el navegador de un computador determinado (un Usuario an\u00f3nimo), y no proporcionan en s\u00ed mismas el nombre y apellido del Usuario. Gracias a las \u201ccookies\u201d, resulta posible que FONVIVIENDA reconozca los navegadores de los Usuarios registrados (luego de que \u00e9stos se hayan registrado por primera vez), esto ayuda que no tengan que registrarse cada vez que visita las \u00e1reas y los Servicios reservados exclusivamente a ellos. Las \u201ccookies\u201d utilizadas no pueden leer archivos \u201ccookie\u201d creados por otros proveedores. El Usuario tiene la posibilidad de configurar su navegador para ser avisado en su pantalla de la recepci\u00f3n de \u201ccookies\u201d y para impedirla instalaci\u00f3n de las mismas en el disco duro.<\/p><p>Para utilizar el Portal no es indispensable la instalaci\u00f3n de las \u201ccookies\u201d enviadas por FONVIVIENDA, sin perjuicio de que en tal caso puede ser necesario que el Usuario se registre cada vez que acceda a un Servicio que requiera un registro previo.<\/p><p>\u00a0<\/p><h3>T\u00e9rminos de Uso \u2013 Mobile<\/h3><p>\u00a0<\/p><h4>T\u00e9rminos de Uso y su Aceptaci\u00f3n<\/h4><p>Los presentes t\u00e9rminos de uso (en lo que sigue, los \u201cT\u00e9rminos de Uso\u201d) regulan los servicios del portal de Internet\u00a0familiafeliz.gob.do\u00a0(en lo que sigue, el \u201cPortal\u201d) del Fideicomiso Fonvivienda (en lo que sigue, el \u201cFONVIVIENDA\u201d), instituci\u00f3n con su domicilio y oficinas principales en la Torre Profesional Biltmore II, Av. Gustavo Mej\u00eda Ricart 81, Santo Domingo de Guzm\u00e1n, Distrito Nacional, Capital de la Rep\u00fablica Dominicana.<\/p><p>El uso del Portal le otorga la condici\u00f3n de usuario del Portal (en lo que sigue, el \u201cUsuario\u201d) e implica la aceptaci\u00f3n plena y sin reservas de todas y cada una de las disposiciones establecidas en los T\u00e9rminos de Uso y las Pol\u00edticas publicadas por FONVIVIENDA al momento en que el Usuario acceda al Portal. Por lo tanto, se hace necesario que el Usuario lea detenidamente estos t\u00e9rminos en cada ocasi\u00f3n en que utilice el Portal, ya que \u00e9ste puede sufrir modificaciones, sin previo aviso. Objeto.- A trav\u00e9s del Portal, FONVIVIENDA facilita a los Usuarios el acceso y el uso de los servicios, informaciones y contenidos (en lo que sigue, los \u201cServicios\u201d) colocados a disposici\u00f3n por FONVIVIENDA o por terceros.<\/p><h4>Condiciones de Accesibilidad y Uso del Portal<\/h4><p>\u00a0<\/p><h4>Car\u00e1cter gratuito del acceso y uso del Portal<\/h4><p>La prestaci\u00f3n de los Servicios, de parte dFONVIVIENDA, tiene car\u00e1cter gratuito para el Usuario. Sin perjuicio de lo anterior, algunos de los Servicios suministrados por FONVIVIENDA a trav\u00e9s del Portal podr\u00edan estar sujetos al pago de una tasa la cual estar\u00eda establecida en el mismo. Registro del Usuario.- De manera general, la prestaci\u00f3n de los Servicios no exige la suscripci\u00f3n o registro previo de parte del Usuario.<\/p><h4>Veracidad de la informaci\u00f3n<\/h4><p>Toda informaci\u00f3n facilitada al Usuario mediante los Servicios deber\u00e1 ser veraz. Por esto, el Usuario se compromete a garantizar el car\u00e1cter aut\u00e9ntico de los datos que provea a consecuencia de los requisitos de los formularios necesarios para la suscripci\u00f3n de los Servicios. De igual forma, ser\u00e1 responsabilidad del Usuario mantener toda la informaci\u00f3n facilitada al FONVIVIENDA debidamente actualizada de manera tal que responda, en cada momento, a la situaci\u00f3n real del Usuario. En todo caso el Usuario ser\u00e1 el \u00fanico responsable de las informaciones falsas o inexactas que realice y de los perjuicios que pueda causar al FONVIVIENDA o a terceros por la informaci\u00f3n que suministre.<\/p><h4>Propiedad Intelectual<\/h4><p>Todo el contenido de este Portal, ya sean textos, im\u00e1genes, recopilaciones, marcas, logotipos, combinaciones de colores, o cualquier otro elemento, su estructura y dise\u00f1o, la selecci\u00f3n y forma de presentaci\u00f3n de los materiales incluidos en la misma, y los programas necesarios para su funcionamiento, acceso y uso, est\u00e1n protegidos por derechos de propiedad intelectual, de los cuales es titular FONVIVIENDA o de terceros licenciantes, que el Usuario de este Portal debe respetar.<\/p><p>El Usuario del Portal deber\u00e1 abstenerse de suprimir, alterar, eludir o manipular cualquier dispositivo de protecci\u00f3n o sistema de seguridad que pueda estar instalado en el mismo.<\/p><h4>Protecci\u00f3n de los datos personales<\/h4><p>Para utilizar algunos de los Servicios, el Usuario debe facilitar previamente al FONVIVIENDA algunos datos de car\u00e1cter personal (en lo que sigue, los \u201cDatos Personales\u201d).<\/p><p>FONVIVIENDA tratar\u00e1 de forma autom\u00e1tica los Datos Personales con la finalidad y las condiciones, definidas en su Pol\u00edtica de Privacidad. FONVIVIENDA no garantiza la ausencia de virus ni de otros elementos en los Servicios prestados por terceros a trav\u00e9s del Portal que puedan causar alteraciones en el sistema inform\u00e1tico del Usuario (software y hardware) o en los documentos electr\u00f3nicos y\/o bases de datos de su sistema inform\u00e1tico.<\/p><p>FONVIVIENDA ha adoptado los niveles de seguridad de protecci\u00f3n que entiende necesarios y procura instalar los medios y medidas t\u00e9cnicas de protecci\u00f3n que se vayan haciendo necesarias. Sin embargo, el Usuario debe estar consciente de que las medidas de seguridad en la Internet no son inviolables.<\/p><p>FONVIVIENDA puede utilizar cookies cuando un Usuario navega por los sitios y p\u00e1ginas Web del Portal. Las cookies que se puedan usar en los sitios y p\u00e1ginas Web del Portal se asocian \u00fanicamente con el navegador de un computador determinado (un Usuario an\u00f3nimo), y no proporcionan en s\u00ed mismas el nombre y apellido del Usuario. Gracias a las \u201ccookies\u201d, resulta posible que FONVIVIENDA reconozca los navegadores de los Usuarios registrados (luego de que \u00e9stos se hayan registrado por primera vez), esto ayuda que no tengan que registrarse cada vez que visita las \u00e1reas y los Servicios reservados exclusivamente a ellos. Las \u201ccookies\u201d utilizadas no pueden leer archivos \u201ccookie\u201d creados por otros proveedores. El Usuario tiene la posibilidad de configurar su navegador para ser avisado en su pantalla de la recepci\u00f3n de \u201ccookies\u201d y para impedirla instalaci\u00f3n de las mismas en el disco duro.<\/p><p>Para utilizar el Portal no es indispensable la instalaci\u00f3n de las \u201ccookies\u201d enviadas por FONVIVIENDA, sin perjuicio de que en tal caso puede ser necesario que el Usuario se registre cada vez que acceda a un Servicio que requiera un registro previo.<\/p><p>\u00a0<\/p>\t\t\t\t\t<\/div>\n\t\t\t\t\t\t<\/div>\n\t\t\t\t<\/div>\n\t\t\t\t\t\t<\/div>\n\t\t\t\t\t<\/div>\n\t\t<\/div>\n\t\t\t\t\t\t\t\t<\/div>\n\t\t\t\t\t<\/div>\n\t\t<\/section>\n\t\t\t\t\t\t<\/div>\n\t\t\t\t\t\t<\/div>\n\t\t\t\t\t<\/div>","protected":false},"excerpt":{"rendered":"<p>T\u00e9rminos de Uso T\u00e9rminos de Uso y su Aceptaci\u00f3n Los presentes t\u00e9rminos de uso (en lo que sigue, los \u201cT\u00e9rminos de Uso\u201d) regulan los servicios del portal de Internet\u00a0familiafeliz.gob.do\u00a0(en lo que sigue, el \u201cPortal\u201d) del Fideicomiso Fonvivienda (en lo que sigue, el \u201cFONVIVIENDA\u201d), instituci\u00f3n con su domicilio y oficinas principales en la Torre Profesional Biltmore [&hellip;]<\/p>","protected":false},"author":10,"featured_media":0,"parent":0,"menu_order":0,"comment_status":"closed","ping_status":"closed","template":"elementor_header_footer","meta":{"_acf_changed":false,"mapsvg_location":"","footnotes":""},"class_list":["post-21171","page","type-page","status-publish","hentry"],"acf":[],"yoast_head":"<!-- This site is optimized with the Yoast SEO plugin v25.3 - https:\/\/yoast.com\/wordpress\/plugins\/seo\/ -->\n<title>T\u00e9rminos de Uso - Plan Nacional de Viviendas Familia Feliz<\/title>\n<meta name=\"description\" content=\"El Plan Nacional de Vivienda Familia Feliz es una iniciativa del Estado Dominicano, desarrollada con el objetivo de implementar un Sistema con instituciones p\u00fablicas y privadas para la generaci\u00f3n de soluciones de viviendas\" \/>\n<meta name=\"robots\" content=\"index, follow, max-snippet:-1, max-image-preview:large, max-video-preview:-1\" \/>\n<link rel=\"canonical\" href=\"https:\/\/familiafeliz.gob.do\/en\/terminos-de-uso\/\" \/>\n<meta property=\"og:locale\" content=\"en_US\" \/>\n<meta property=\"og:type\" content=\"article\" \/>\n<meta property=\"og:title\" content=\"T\u00e9rminos de Uso - Plan Nacional de Viviendas Familia Feliz\" \/>\n<meta property=\"og:description\" content=\"El Plan Nacional de Vivienda Familia Feliz es una iniciativa del Estado Dominicano, desarrollada con el objetivo de implementar un Sistema con instituciones p\u00fablicas y privadas para la generaci\u00f3n de soluciones de viviendas\" \/>\n<meta property=\"og:url\" content=\"https:\/\/familiafeliz.gob.do\/en\/terminos-de-uso\/\" \/>\n<meta property=\"og:site_name\" content=\"Plan Nacional de Viviendas Familia Feliz\" \/>\n<meta property=\"article:modified_time\" content=\"2024-08-12T13:48:14+00:00\" \/>\n<meta name=\"twitter:card\" content=\"summary_large_image\" \/>\n<meta name=\"twitter:site\" content=\"@pfamiliafelizrd\" \/>\n<meta name=\"twitter:label1\" content=\"Est. reading time\" \/>\n\t<meta name=\"twitter:data1\" content=\"8 minutes\" \/>\n<script type=\"application\/ld+json\" class=\"yoast-schema-graph\">{\"@context\":\"https:\/\/schema.org\",\"@graph\":[{\"@type\":\"WebPage\",\"@id\":\"https:\/\/familiafeliz.gob.do\/en\/terminos-de-uso\/\",\"url\":\"https:\/\/familiafeliz.gob.do\/en\/terminos-de-uso\/\",\"name\":\"T\u00e9rminos de Uso - Plan Nacional de Viviendas Familia Feliz\",\"isPartOf\":{\"@id\":\"https:\/\/paginaweb-familiafeliz-produccion.azurewebsites.net\/#website\"},\"datePublished\":\"2024-08-12T13:00:51+00:00\",\"dateModified\":\"2024-08-12T13:48:14+00:00\",\"description\":\"El Plan Nacional de Vivienda Familia Feliz es una iniciativa del Estado Dominicano, desarrollada con el objetivo de implementar un Sistema con instituciones p\u00fablicas y privadas para la generaci\u00f3n de soluciones de viviendas\",\"breadcrumb\":{\"@id\":\"https:\/\/familiafeliz.gob.do\/en\/terminos-de-uso\/#breadcrumb\"},\"inLanguage\":\"en-US\",\"potentialAction\":[{\"@type\":\"ReadAction\",\"target\":[\"https:\/\/familiafeliz.gob.do\/en\/terminos-de-uso\/\"]}]},{\"@type\":\"BreadcrumbList\",\"@id\":\"https:\/\/familiafeliz.gob.do\/en\/terminos-de-uso\/#breadcrumb\",\"itemListElement\":[{\"@type\":\"ListItem\",\"position\":1,\"name\":\"Home\",\"item\":\"https:\/\/familiafeliz.gob.do\/en\/\"},{\"@type\":\"ListItem\",\"position\":2,\"name\":\"T\u00e9rminos de Uso\"}]},{\"@type\":\"WebSite\",\"@id\":\"https:\/\/paginaweb-familiafeliz-produccion.azurewebsites.net\/#website\",\"url\":\"https:\/\/paginaweb-familiafeliz-produccion.azurewebsites.net\/\",\"name\":\"Plan Nacional de Viviendas Familia Feliz\",\"description\":\"Plan Nacional de Viviendas Familia Feliz\",\"publisher\":{\"@id\":\"https:\/\/paginaweb-familiafeliz-produccion.azurewebsites.net\/#organization\"},\"potentialAction\":[{\"@type\":\"SearchAction\",\"target\":{\"@type\":\"EntryPoint\",\"urlTemplate\":\"https:\/\/paginaweb-familiafeliz-produccion.azurewebsites.net\/?s={search_term_string}\"},\"query-input\":{\"@type\":\"PropertyValueSpecification\",\"valueRequired\":true,\"valueName\":\"search_term_string\"}}],\"inLanguage\":\"en-US\"},{\"@type\":\"Organization\",\"@id\":\"https:\/\/paginaweb-familiafeliz-produccion.azurewebsites.net\/#organization\",\"name\":\"Plan Nacional de Viviendas Familia Feliz\",\"url\":\"https:\/\/paginaweb-familiafeliz-produccion.azurewebsites.net\/\",\"logo\":{\"@type\":\"ImageObject\",\"inLanguage\":\"en-US\",\"@id\":\"https:\/\/paginaweb-familiafeliz-produccion.azurewebsites.net\/#\/schema\/logo\/image\/\",\"url\":\"https:\/\/paginaweb-familiafeliz-produccion.azurewebsites.net\/wp-content\/uploads\/2021\/02\/ffmobile.png\",\"contentUrl\":\"https:\/\/paginaweb-familiafeliz-produccion.azurewebsites.net\/wp-content\/uploads\/2021\/02\/ffmobile.png\",\"width\":293,\"height\":86,\"caption\":\"Plan Nacional de Viviendas Familia Feliz\"},\"image\":{\"@id\":\"https:\/\/paginaweb-familiafeliz-produccion.azurewebsites.net\/#\/schema\/logo\/image\/\"},\"sameAs\":[\"https:\/\/x.com\/pfamiliafelizrd\",\"https:\/\/instagram.com\/pfamiliafelizrd\"]}]}<\/script>\n<!-- \/ Yoast SEO plugin. -->","yoast_head_json":{"title":"T\u00e9rminos de Uso - Plan Nacional de Viviendas Familia Feliz","description":"El Plan Nacional de Vivienda Familia Feliz es una iniciativa del Estado Dominicano, desarrollada con el objetivo de implementar un Sistema con instituciones p\u00fablicas y privadas para la generaci\u00f3n de soluciones de viviendas","robots":{"index":"index","follow":"follow","max-snippet":"max-snippet:-1","max-image-preview":"max-image-preview:large","max-video-preview":"max-video-preview:-1"},"canonical":"https:\/\/familiafeliz.gob.do\/en\/terminos-de-uso\/","og_locale":"en_US","og_type":"article","og_title":"T\u00e9rminos de Uso - Plan Nacional de Viviendas Familia Feliz","og_description":"El Plan Nacional de Vivienda Familia Feliz es una iniciativa del Estado Dominicano, desarrollada con el objetivo de implementar un Sistema con instituciones p\u00fablicas y privadas para la generaci\u00f3n de soluciones de viviendas","og_url":"https:\/\/familiafeliz.gob.do\/en\/terminos-de-uso\/","og_site_name":"Plan Nacional de Viviendas Familia Feliz","article_modified_time":"2024-08-12T13:48:14+00:00","twitter_card":"summary_large_image","twitter_site":"@pfamiliafelizrd","twitter_misc":{"Est. reading time":"8 minutes"},"schema":{"@context":"https:\/\/schema.org","@graph":[{"@type":"WebPage","@id":"https:\/\/familiafeliz.gob.do\/en\/terminos-de-uso\/","url":"https:\/\/familiafeliz.gob.do\/en\/terminos-de-uso\/","name":"T\u00e9rminos de Uso - Plan Nacional de Viviendas Familia Feliz","isPartOf":{"@id":"https:\/\/paginaweb-familiafeliz-produccion.azurewebsites.net\/#website"},"datePublished":"2024-08-12T13:00:51+00:00","dateModified":"2024-08-12T13:48:14+00:00","description":"El Plan Nacional de Vivienda Familia Feliz es una iniciativa del Estado Dominicano, desarrollada con el objetivo de implementar un Sistema con instituciones p\u00fablicas y privadas para la generaci\u00f3n de soluciones de viviendas","breadcrumb":{"@id":"https:\/\/familiafeliz.gob.do\/en\/terminos-de-uso\/#breadcrumb"},"inLanguage":"en-US","potentialAction":[{"@type":"ReadAction","target":["https:\/\/familiafeliz.gob.do\/en\/terminos-de-uso\/"]}]},{"@type":"BreadcrumbList","@id":"https:\/\/familiafeliz.gob.do\/en\/terminos-de-uso\/#breadcrumb","itemListElement":[{"@type":"ListItem","position":1,"name":"Home","item":"https:\/\/familiafeliz.gob.do\/en\/"},{"@type":"ListItem","position":2,"name":"T\u00e9rminos de Uso"}]},{"@type":"WebSite","@id":"https:\/\/paginaweb-familiafeliz-produccion.azurewebsites.net\/#website","url":"https:\/\/paginaweb-familiafeliz-produccion.azurewebsites.net\/","name":"Plan Nacional de Viviendas Familia Feliz","description":"Plan Nacional de Viviendas Familia Feliz","publisher":{"@id":"https:\/\/paginaweb-familiafeliz-produccion.azurewebsites.net\/#organization"},"potentialAction":[{"@type":"SearchAction","target":{"@type":"EntryPoint","urlTemplate":"https:\/\/paginaweb-familiafeliz-produccion.azurewebsites.net\/?s={search_term_string}"},"query-input":{"@type":"PropertyValueSpecification","valueRequired":true,"valueName":"search_term_string"}}],"inLanguage":"en-US"},{"@type":"Organization","@id":"https:\/\/paginaweb-familiafeliz-produccion.azurewebsites.net\/#organization","name":"Plan Nacional de Viviendas Familia Feliz","url":"https:\/\/paginaweb-familiafeliz-produccion.azurewebsites.net\/","logo":{"@type":"ImageObject","inLanguage":"en-US","@id":"https:\/\/paginaweb-familiafeliz-produccion.azurewebsites.net\/#\/schema\/logo\/image\/","url":"https:\/\/paginaweb-familiafeliz-produccion.azurewebsites.net\/wp-content\/uploads\/2021\/02\/ffmobile.png","contentUrl":"https:\/\/paginaweb-familiafeliz-produccion.azurewebsites.net\/wp-content\/uploads\/2021\/02\/ffmobile.png","width":293,"height":86,"caption":"Plan Nacional de Viviendas Familia Feliz"},"image":{"@id":"https:\/\/paginaweb-familiafeliz-produccion.azurewebsites.net\/#\/schema\/logo\/image\/"},"sameAs":["https:\/\/x.com\/pfamiliafelizrd","https:\/\/instagram.com\/pfamiliafelizrd"]}]}},"_links":{"self":[{"href":"https:\/\/paginaweb-familiafeliz-produccion.azurewebsites.net\/en\/wp-json\/wp\/v2\/pages\/21171","targetHints":{"allow":["GET"]}}],"collection":[{"href":"https:\/\/paginaweb-familiafeliz-produccion.azurewebsites.net\/en\/wp-json\/wp\/v2\/pages"}],"about":[{"href":"https:\/\/paginaweb-familiafeliz-produccion.azurewebsites.net\/en\/wp-json\/wp\/v2\/types\/page"}],"author":[{"embeddable":true,"href":"https:\/\/paginaweb-familiafeliz-produccion.azurewebsites.net\/en\/wp-json\/wp\/v2\/users\/10"}],"replies":[{"embeddable":true,"href":"https:\/\/paginaweb-familiafeliz-produccion.azurewebsites.net\/en\/wp-json\/wp\/v2\/comments?post=21171"}],"version-history":[{"count":4,"href":"https:\/\/paginaweb-familiafeliz-produccion.azurewebsites.net\/en\/wp-json\/wp\/v2\/pages\/21171\/revisions"}],"predecessor-version":[{"id":21219,"href":"https:\/\/paginaweb-familiafeliz-produccion.azurewebsites.net\/en\/wp-json\/wp\/v2\/pages\/21171\/revisions\/21219"}],"wp:attachment":[{"href":"https:\/\/paginaweb-familiafeliz-produccion.azurewebsites.net\/en\/wp-json\/wp\/v2\/media?parent=21171"}],"curies":[{"name":"wp","href":"https:\/\/api.w.org\/{rel}","templated":true}]}}